{"id":3895,"date":"2021-06-21T17:24:55","date_gmt":"2021-06-21T15:24:55","guid":{"rendered":"https:\/\/scopema.com\/?page_id=3895"},"modified":"2021-09-08T14:43:09","modified_gmt":"2021-09-08T12:43:09","slug":"die-sitzbaenke","status":"publish","type":"page","link":"https:\/\/scopema.com\/de\/die-sitzbaenke\/","title":{"rendered":"Die SitzB\u00e4nke"},"content":{"rendered":"","protected":false},"excerpt":{"rendered":"","protected":false},"author":3,"featured_media":9395,"parent":0,"menu_order":0,"comment_status":"closed","ping_status":"closed","template":"tpl\/benchseats.php","meta":{"_acf_changed":false,"footnotes":""},"class_list":["post-3895","page","type-page","status-publish","has-post-thumbnail","hentry"],"acf":[],"yoast_head":"<!-- This site is optimized with the Yoast SEO plugin v26.1.1 - https:\/\/yoast.com\/wordpress\/plugins\/seo\/ -->\n<title>Die SitzB\u00e4nke<\/title>\n<meta name=\"description\" content=\"SCOPEMA RIB Sitzb\u00e4nke umbaubar in Schlafgelegenheiten, zugelassen, f\u00fcr Freizeitfahrzeuge, Vans und umgebaute Vans.\" \/>\n<meta name=\"robots\" content=\"index, follow, max-snippet:-1, max-image-preview:large, max-video-preview:-1\" \/>\n<link rel=\"canonical\" href=\"https:\/\/scopema.com\/de\/die-sitzbaenke\/\" \/>\n<meta property=\"og:locale\" content=\"de_DE\" \/>\n<meta property=\"og:type\" content=\"article\" \/>\n<meta property=\"og:title\" content=\"Die SitzB\u00e4nke\" \/>\n<meta property=\"og:description\" content=\"SCOPEMA RIB Sitzb\u00e4nke umbaubar in Schlafgelegenheiten, zugelassen, f\u00fcr Freizeitfahrzeuge, Vans und umgebaute Vans.\" \/>\n<meta property=\"og:url\" content=\"https:\/\/scopema.com\/de\/die-sitzbaenke\/\" \/>\n<meta property=\"og:site_name\" content=\"Scopema\" \/>\n<meta property=\"article:modified_time\" content=\"2021-09-08T12:43:09+00:00\" \/>\n<meta name=\"twitter:card\" content=\"summary_large_image\" \/>\n<script type=\"application\/ld+json\" class=\"yoast-schema-graph\">{\"@context\":\"https:\/\/schema.org\",\"@graph\":[{\"@type\":\"WebPage\",\"@id\":\"https:\/\/scopema.com\/de\/die-sitzbaenke\/\",\"url\":\"https:\/\/scopema.com\/de\/die-sitzbaenke\/\",\"name\":\"Die SitzB\u00e4nke\",\"isPartOf\":{\"@id\":\"https:\/\/scopema.com\/de\/#website\"},\"primaryImageOfPage\":{\"@id\":\"https:\/\/scopema.com\/de\/die-sitzbaenke\/#primaryimage\"},\"image\":{\"@id\":\"https:\/\/scopema.com\/de\/die-sitzbaenke\/#primaryimage\"},\"thumbnailUrl\":\"https:\/\/scopema.com\/wp-content\/uploads\/2024\/11\/banquette-coulissante-rib.png\",\"datePublished\":\"2021-06-21T15:24:55+00:00\",\"dateModified\":\"2021-09-08T12:43:09+00:00\",\"description\":\"SCOPEMA RIB Sitzb\u00e4nke umbaubar in Schlafgelegenheiten, zugelassen, f\u00fcr Freizeitfahrzeuge, Vans und umgebaute Vans.\",\"breadcrumb\":{\"@id\":\"https:\/\/scopema.com\/de\/die-sitzbaenke\/#breadcrumb\"},\"inLanguage\":\"de\",\"potentialAction\":[{\"@type\":\"ReadAction\",\"target\":[\"https:\/\/scopema.com\/de\/die-sitzbaenke\/\"]}]},{\"@type\":\"ImageObject\",\"inLanguage\":\"de\",\"@id\":\"https:\/\/scopema.com\/de\/die-sitzbaenke\/#primaryimage\",\"url\":\"https:\/\/scopema.com\/wp-content\/uploads\/2024\/11\/banquette-coulissante-rib.png\",\"contentUrl\":\"https:\/\/scopema.com\/wp-content\/uploads\/2024\/11\/banquette-coulissante-rib.png\",\"width\":6960,\"height\":4640},{\"@type\":\"BreadcrumbList\",\"@id\":\"https:\/\/scopema.com\/de\/die-sitzbaenke\/#breadcrumb\",\"itemListElement\":[{\"@type\":\"ListItem\",\"position\":1,\"name\":\"Startseite\",\"item\":\"https:\/\/scopema.com\/de\/\"},{\"@type\":\"ListItem\",\"position\":2,\"name\":\"Die SitzB\u00e4nke\"}]},{\"@type\":\"WebSite\",\"@id\":\"https:\/\/scopema.com\/de\/#website\",\"url\":\"https:\/\/scopema.com\/de\/\",\"name\":\"Scopema\",\"description\":\"\",\"potentialAction\":[{\"@type\":\"SearchAction\",\"target\":{\"@type\":\"EntryPoint\",\"urlTemplate\":\"https:\/\/scopema.com\/de\/?s={search_term_string}\"},\"query-input\":{\"@type\":\"PropertyValueSpecification\",\"valueRequired\":true,\"valueName\":\"search_term_string\"}}],\"inLanguage\":\"de\"}]}<\/script>\n<!-- \/ Yoast SEO plugin. -->","yoast_head_json":{"title":"Die SitzB\u00e4nke","description":"SCOPEMA RIB Sitzb\u00e4nke umbaubar in Schlafgelegenheiten, zugelassen, f\u00fcr Freizeitfahrzeuge, Vans und umgebaute Vans.","robots":{"index":"index","follow":"follow","max-snippet":"max-snippet:-1","max-image-preview":"max-image-preview:large","max-video-preview":"max-video-preview:-1"},"canonical":"https:\/\/scopema.com\/de\/die-sitzbaenke\/","og_locale":"de_DE","og_type":"article","og_title":"Die SitzB\u00e4nke","og_description":"SCOPEMA RIB Sitzb\u00e4nke umbaubar in Schlafgelegenheiten, zugelassen, f\u00fcr Freizeitfahrzeuge, Vans und umgebaute Vans.","og_url":"https:\/\/scopema.com\/de\/die-sitzbaenke\/","og_site_name":"Scopema","article_modified_time":"2021-09-08T12:43:09+00:00","twitter_card":"summary_large_image","schema":{"@context":"https:\/\/schema.org","@graph":[{"@type":"WebPage","@id":"https:\/\/scopema.com\/de\/die-sitzbaenke\/","url":"https:\/\/scopema.com\/de\/die-sitzbaenke\/","name":"Die SitzB\u00e4nke","isPartOf":{"@id":"https:\/\/scopema.com\/de\/#website"},"primaryImageOfPage":{"@id":"https:\/\/scopema.com\/de\/die-sitzbaenke\/#primaryimage"},"image":{"@id":"https:\/\/scopema.com\/de\/die-sitzbaenke\/#primaryimage"},"thumbnailUrl":"https:\/\/scopema.com\/wp-content\/uploads\/2024\/11\/banquette-coulissante-rib.png","datePublished":"2021-06-21T15:24:55+00:00","dateModified":"2021-09-08T12:43:09+00:00","description":"SCOPEMA RIB Sitzb\u00e4nke umbaubar in Schlafgelegenheiten, zugelassen, f\u00fcr Freizeitfahrzeuge, Vans und umgebaute Vans.","breadcrumb":{"@id":"https:\/\/scopema.com\/de\/die-sitzbaenke\/#breadcrumb"},"inLanguage":"de","potentialAction":[{"@type":"ReadAction","target":["https:\/\/scopema.com\/de\/die-sitzbaenke\/"]}]},{"@type":"ImageObject","inLanguage":"de","@id":"https:\/\/scopema.com\/de\/die-sitzbaenke\/#primaryimage","url":"https:\/\/scopema.com\/wp-content\/uploads\/2024\/11\/banquette-coulissante-rib.png","contentUrl":"https:\/\/scopema.com\/wp-content\/uploads\/2024\/11\/banquette-coulissante-rib.png","width":6960,"height":4640},{"@type":"BreadcrumbList","@id":"https:\/\/scopema.com\/de\/die-sitzbaenke\/#breadcrumb","itemListElement":[{"@type":"ListItem","position":1,"name":"Startseite","item":"https:\/\/scopema.com\/de\/"},{"@type":"ListItem","position":2,"name":"Die SitzB\u00e4nke"}]},{"@type":"WebSite","@id":"https:\/\/scopema.com\/de\/#website","url":"https:\/\/scopema.com\/de\/","name":"Scopema","description":"","potentialAction":[{"@type":"SearchAction","target":{"@type":"EntryPoint","urlTemplate":"https:\/\/scopema.com\/de\/?s={search_term_string}"},"query-input":{"@type":"PropertyValueSpecification","valueRequired":true,"valueName":"search_term_string"}}],"inLanguage":"de"}]}},"_links":{"self":[{"href":"https:\/\/scopema.com\/de\/wp-json\/wp\/v2\/pages\/3895","targetHints":{"allow":["GET"]}}],"collection":[{"href":"https:\/\/scopema.com\/de\/wp-json\/wp\/v2\/pages"}],"about":[{"href":"https:\/\/scopema.com\/de\/wp-json\/wp\/v2\/types\/page"}],"author":[{"embeddable":true,"href":"https:\/\/scopema.com\/de\/wp-json\/wp\/v2\/users\/3"}],"replies":[{"embeddable":true,"href":"https:\/\/scopema.com\/de\/wp-json\/wp\/v2\/comments?post=3895"}],"version-history":[{"count":4,"href":"https:\/\/scopema.com\/de\/wp-json\/wp\/v2\/pages\/3895\/revisions"}],"predecessor-version":[{"id":4980,"href":"https:\/\/scopema.com\/de\/wp-json\/wp\/v2\/pages\/3895\/revisions\/4980"}],"wp:featuredmedia":[{"embeddable":true,"href":"https:\/\/scopema.com\/de\/wp-json\/wp\/v2\/media\/9395"}],"wp:attachment":[{"href":"https:\/\/scopema.com\/de\/wp-json\/wp\/v2\/media?parent=3895"}],"curies":[{"name":"wp","href":"https:\/\/api.w.org\/{rel}","templated":true}]}}